{"id":2,"date":"2025-08-28T18:01:42","date_gmt":"2025-08-28T16:01:42","guid":{"rendered":"https:\/\/www.lizardcastellon.com\/?page_id=2"},"modified":"2025-09-26T09:13:44","modified_gmt":"2025-09-26T07:13:44","slug":"bio-lizard","status":"publish","type":"page","link":"https:\/\/www.lizardcastellon.com\/?page_id=2","title":{"rendered":"Bio"},"content":{"rendered":"\n<div class=\"wp-block-cover alignfull\" style=\"min-height:2111px;aspect-ratio:unset;\"><img loading=\"lazy\" decoding=\"async\" width=\"1024\" height=\"504\" class=\"wp-block-cover__image-background wp-image-96\" alt=\"\" src=\"https:\/\/www.lizardcastellon.com\/wp-content\/uploads\/2025\/08\/bg-404-1024x504.jpg\" data-object-fit=\"cover\" srcset=\"https:\/\/www.lizardcastellon.com\/wp-content\/uploads\/2025\/08\/bg-404-1024x504.jpg 1024w, https:\/\/www.lizardcastellon.com\/wp-content\/uploads\/2025\/08\/bg-404-300x148.jpg 300w, https:\/\/www.lizardcastellon.com\/wp-content\/uploads\/2025\/08\/bg-404-768x378.jpg 768w, https:\/\/www.lizardcastellon.com\/wp-content\/uploads\/2025\/08\/bg-404-1536x756.jpg 1536w, https:\/\/www.lizardcastellon.com\/wp-content\/uploads\/2025\/08\/bg-404.jpg 1920w\" sizes=\"auto, (max-width: 1024px) 100vw, 1024px\" \/><span aria-hidden=\"true\" class=\"wp-block-cover__background has-background-dim\"><\/span><div class=\"wp-block-cover__inner-container is-layout-flow wp-block-cover-is-layout-flow\">\n<h2 class=\"wp-block-heading has-text-align-center\">\ud83e\udd8e Sobre  Nosotros \ud83e\udd8e<\/h2>\n\n\n\n<figure class=\"wp-block-image aligncenter size-large is-resized\"><img loading=\"lazy\" decoding=\"async\" width=\"1024\" height=\"385\" src=\"https:\/\/www.lizardcastellon.com\/wp-content\/uploads\/2025\/08\/Logo_grupo_versiones_castellon_lizard-1024x385.png\" alt=\"\" class=\"wp-image-46\" style=\"width:406px;height:auto\" srcset=\"https:\/\/www.lizardcastellon.com\/wp-content\/uploads\/2025\/08\/Logo_grupo_versiones_castellon_lizard-1024x385.png 1024w, https:\/\/www.lizardcastellon.com\/wp-content\/uploads\/2025\/08\/Logo_grupo_versiones_castellon_lizard-300x113.png 300w, https:\/\/www.lizardcastellon.com\/wp-content\/uploads\/2025\/08\/Logo_grupo_versiones_castellon_lizard-768x289.png 768w, https:\/\/www.lizardcastellon.com\/wp-content\/uploads\/2025\/08\/Logo_grupo_versiones_castellon_lizard-1536x578.png 1536w, https:\/\/www.lizardcastellon.com\/wp-content\/uploads\/2025\/08\/Logo_grupo_versiones_castellon_lizard-2048x771.png 2048w\" sizes=\"auto, (max-width: 1024px) 100vw, 1024px\" \/><\/figure>\n\n\n\n<div class=\"wp-block-columns is-layout-flex wp-container-core-columns-is-layout-28f84493 wp-block-columns-is-layout-flex\">\n<div class=\"wp-block-column is-layout-flow wp-block-column-is-layout-flow\">\n<figure class=\"wp-block-image aligncenter size-full\"><img loading=\"lazy\" decoding=\"async\" width=\"370\" height=\"334\" src=\"https:\/\/www.lizardcastellon.com\/wp-content\/uploads\/2025\/09\/Miembros_Fran.jpeg\" alt=\"\" class=\"wp-image-169\" srcset=\"https:\/\/www.lizardcastellon.com\/wp-content\/uploads\/2025\/09\/Miembros_Fran.jpeg 370w, https:\/\/www.lizardcastellon.com\/wp-content\/uploads\/2025\/09\/Miembros_Fran-300x271.jpeg 300w\" sizes=\"auto, (max-width: 370px) 100vw, 370px\" \/><\/figure>\n<\/div>\n\n\n\n<div class=\"wp-block-column is-layout-flow wp-block-column-is-layout-flow\">\n<h2 class=\"wp-block-heading\"><strong><mark style=\"background-color:rgba(0, 0, 0, 0)\" class=\"has-inline-color has-hover-color-color\">Fran<\/mark><\/strong> <em>(Guitarrista)<\/em><\/h2>\n\n\n\n<p>Miembro fundador del grupo y apasionado de la electr\u00f3nica, Fran aporta un o\u00eddo privilegiado que enriquece cada detalle sonoro. Sus riffs y arreglos dan identidad propia a las versiones, convirti\u00e9ndolas en interpretaciones llenas de car\u00e1cter.<br><\/p>\n\n\n\n<p><strong>Influencias:<\/strong> Metallica \/ The OffSpring \/ RATM &#8230;<\/p>\n<\/div>\n<\/div>\n\n\n\n<div class=\"wp-block-columns is-layout-flex wp-container-core-columns-is-layout-28f84493 wp-block-columns-is-layout-flex\">\n<div class=\"wp-block-column is-layout-flow wp-block-column-is-layout-flow\">\n<h2 class=\"wp-block-heading\"><strong><mark style=\"background-color:rgba(0, 0, 0, 0)\" class=\"has-inline-color has-hover-color-color\">Sa\u00fal \u00abFOROLO\u00bb<\/mark><\/strong> <em>(Guitarrista)<\/em><\/h2>\n\n\n\n<p>Con un estilo vers\u00e1til y en\u00e9rgico, Sa\u00fal combina su destreza en la guitarra con su carisma en escena. Sus chistes y ocurrencias durante los conciertos generan un ambiente cercano y divertido que conecta con el p\u00fablico.<\/p>\n\n\n\n<p><strong>Influencias:<\/strong> RATM \/ System of a Down \/ Tool &#8230;<br><\/p>\n<\/div>\n\n\n\n<div class=\"wp-block-column is-layout-flow wp-block-column-is-layout-flow\">\n<figure class=\"wp-block-image aligncenter size-full\"><img loading=\"lazy\" decoding=\"async\" width=\"370\" height=\"334\" src=\"https:\/\/www.lizardcastellon.com\/wp-content\/uploads\/2025\/09\/Miembros_Saul.jpeg\" alt=\"\" class=\"wp-image-168\" srcset=\"https:\/\/www.lizardcastellon.com\/wp-content\/uploads\/2025\/09\/Miembros_Saul.jpeg 370w, https:\/\/www.lizardcastellon.com\/wp-content\/uploads\/2025\/09\/Miembros_Saul-300x271.jpeg 300w\" sizes=\"auto, (max-width: 370px) 100vw, 370px\" \/><\/figure>\n<\/div>\n<\/div>\n\n\n\n<div class=\"wp-block-columns is-layout-flex wp-container-core-columns-is-layout-28f84493 wp-block-columns-is-layout-flex\">\n<div class=\"wp-block-column is-layout-flow wp-block-column-is-layout-flow\">\n<figure class=\"wp-block-image aligncenter size-full\"><img loading=\"lazy\" decoding=\"async\" width=\"370\" height=\"334\" src=\"https:\/\/www.lizardcastellon.com\/wp-content\/uploads\/2025\/09\/Miembros_Carlos.jpeg\" alt=\"\" class=\"wp-image-171\" srcset=\"https:\/\/www.lizardcastellon.com\/wp-content\/uploads\/2025\/09\/Miembros_Carlos.jpeg 370w, https:\/\/www.lizardcastellon.com\/wp-content\/uploads\/2025\/09\/Miembros_Carlos-300x271.jpeg 300w\" sizes=\"auto, (max-width: 370px) 100vw, 370px\" \/><\/figure>\n<\/div>\n\n\n\n<div class=\"wp-block-column is-layout-flow wp-block-column-is-layout-flow\">\n<h2 class=\"wp-block-heading\"><strong><mark style=\"background-color:rgba(0, 0, 0, 0)\" class=\"has-inline-color has-hover-color-color\">Carlos<\/mark><\/strong> <em>(Vocalista)<\/em><\/h2>\n\n\n\n<p>Carlos es la voz y la presencia del grupo. Su fuerza interpretativa y su capacidad para mover al p\u00fablico hacen que cada canci\u00f3n cobre vida, logrando que la gente participe y forme parte del espect\u00e1culo.<\/p>\n\n\n\n<p><br><strong>Influencias:<\/strong> Volbeat \/ Heroes del Silencio &#8230;<\/p>\n<\/div>\n<\/div>\n\n\n\n<div class=\"wp-block-columns is-layout-flex wp-container-core-columns-is-layout-28f84493 wp-block-columns-is-layout-flex\">\n<div class=\"wp-block-column is-layout-flow wp-block-column-is-layout-flow\">\n<h2 class=\"wp-block-heading\"><strong><mark style=\"background-color:rgba(0, 0, 0, 0)\" class=\"has-inline-color has-hover-color-color\">Abe<\/mark><\/strong> <em>(Bajista)<\/em><\/h2>\n\n\n\n<p>Abe sostiene el sonido con un bajo vers\u00e1til y contundente. Sus l\u00edneas aportan profundidad y groove, dando firmeza al conjunto y manteniendo la base r\u00edtmica siempre s\u00f3lida y din\u00e1mica.<\/p>\n\n\n\n<p><br><strong>Influencias<\/strong>: RHCP \/ Incubus &#8230;<\/p>\n<\/div>\n\n\n\n<div class=\"wp-block-column is-layout-flow wp-block-column-is-layout-flow\">\n<figure class=\"wp-block-image aligncenter size-full\"><img loading=\"lazy\" decoding=\"async\" width=\"370\" height=\"334\" src=\"https:\/\/www.lizardcastellon.com\/wp-content\/uploads\/2025\/09\/Miembros_Abe.jpeg\" alt=\"\" class=\"wp-image-170\" srcset=\"https:\/\/www.lizardcastellon.com\/wp-content\/uploads\/2025\/09\/Miembros_Abe.jpeg 370w, https:\/\/www.lizardcastellon.com\/wp-content\/uploads\/2025\/09\/Miembros_Abe-300x271.jpeg 300w\" sizes=\"auto, (max-width: 370px) 100vw, 370px\" \/><\/figure>\n<\/div>\n<\/div>\n\n\n\n<div class=\"wp-block-columns is-layout-flex wp-container-core-columns-is-layout-28f84493 wp-block-columns-is-layout-flex\">\n<div class=\"wp-block-column is-layout-flow wp-block-column-is-layout-flow\">\n<figure class=\"wp-block-image aligncenter size-full\"><img loading=\"lazy\" decoding=\"async\" width=\"370\" height=\"334\" src=\"https:\/\/www.lizardcastellon.com\/wp-content\/uploads\/2025\/09\/Miembros_Hammer.jpeg\" alt=\"\" class=\"wp-image-167\" srcset=\"https:\/\/www.lizardcastellon.com\/wp-content\/uploads\/2025\/09\/Miembros_Hammer.jpeg 370w, https:\/\/www.lizardcastellon.com\/wp-content\/uploads\/2025\/09\/Miembros_Hammer-300x271.jpeg 300w\" sizes=\"auto, (max-width: 370px) 100vw, 370px\" \/><\/figure>\n<\/div>\n\n\n\n<div class=\"wp-block-column is-layout-flow wp-block-column-is-layout-flow\">\n<h2 class=\"wp-block-heading\"><strong><mark style=\"background-color:rgba(0, 0, 0, 0)\" class=\"has-inline-color has-hover-color-color\">Fran \u00abHAMMER\u00bb<\/mark><\/strong> <em>(Baterista)<\/em><\/h2>\n\n\n\n<p>Fran aporta la contundencia desde la bater\u00eda. Con un estilo en\u00e9rgico y preciso, marca el pulso del grupo y le da la fuerza necesaria para que cada canci\u00f3n suene con toda la intensidad.<\/p>\n\n\n\n<p><strong><br>Influencias:<\/strong> Metallica \/ Rammstein \/ Koma &#8230;<\/p>\n<\/div>\n<\/div>\n<\/div><\/div>\n\n\n\n<div class=\"wp-block-group alignfull has-button-bg-opacity-background-color has-background is-layout-constrained wp-block-group-is-layout-constrained\">\n<div class=\"wp-block-columns alignwide is-layout-flex wp-container-core-columns-is-layout-28f84493 wp-block-columns-is-layout-flex\">\n<div class=\"wp-block-column is-layout-flow wp-block-column-is-layout-flow\" style=\"flex-basis:50%\">\n<figure class=\"wp-block-image size-full\"><img loading=\"lazy\" decoding=\"async\" width=\"736\" height=\"492\" src=\"https:\/\/www.lizardcastellon.com\/wp-content\/uploads\/2025\/09\/lizard_historico_ok.jpg\" alt=\"\" class=\"wp-image-240\" srcset=\"https:\/\/www.lizardcastellon.com\/wp-content\/uploads\/2025\/09\/lizard_historico_ok.jpg 736w, https:\/\/www.lizardcastellon.com\/wp-content\/uploads\/2025\/09\/lizard_historico_ok-300x201.jpg 300w\" sizes=\"auto, (max-width: 736px) 100vw, 736px\" \/><\/figure>\n<\/div>\n\n\n\n<div class=\"wp-block-column is-layout-flow wp-block-column-is-layout-flow\" style=\"flex-basis:50%\">\n<h2 class=\"wp-block-heading has-text-align-left\"><strong>Historia de <em>LIZARD<\/em><\/strong> \ud83e\udd8e<\/h2>\n\n\n\n<p class=\"has-text-align-left\"><strong>LIZARD naci\u00f3 en 2016 con la ilusi\u00f3n de subirnos a un escenario. De aquellos ensayos en locales peque\u00f1os y conciertos en bares guardamos recuerdos que a\u00fan nos acompa\u00f1an. Hoy seguimos con la misma pasi\u00f3n por las versiones, d\u00e1ndoles nuestro toque propio y actual.<\/strong><br><br><strong><em>MIEMBROS FUNDADORES:<\/em><\/strong><br><strong> <\/strong>Gloria (Vocalista) \/ Fran (Guitarrista) \/ Jos\u00e9 (Bajo) \/ Ro (Bater\u00eda).<\/p>\n\n\n\n<p class=\"has-text-align-left\"><strong><em>MIEMBROS ANTERIORES:<\/em><\/strong><br><strong> <\/strong>Ro (Bater\u00eda) \/ Jos\u00e9 (Bajo) \/ Javi (Bajo) \/ Gloria (Vocalista) \/ Clara (Vocalista) \/ Andr\u00e9s (Bajo) \/ Alex (Bajo) \/ H\u00e9ctor (Bajo) \/ JC (Baterista) .<\/p>\n<\/div>\n<\/div>\n<\/div>\n","protected":false},"excerpt":{"rendered":"<p>Historia de LIZARD \ud83e\udd8e LIZARD naci\u00f3 en 2016 con la ilusi\u00f3n de subirnos a un escenario. De aquellos ensayos en locales peque\u00f1os y conciertos en bares guardamos recuerdos que a\u00fan nos acompa\u00f1an. Hoy seguimos con la misma pasi\u00f3n por las versiones, d\u00e1ndoles nuestro toque propio y actual. MIEMBROS FUNDADORES: Gloria (Vocalista) \/ Fran (Guitarrista) \/ [&hellip;]<\/p>\n","protected":false},"author":1,"featured_media":0,"parent":0,"menu_order":0,"comment_status":"closed","ping_status":"closed","template":"","meta":{"footnotes":""},"class_list":["post-2","page","type-page","status-publish","hentry"],"yoast_head":"<!-- This site is optimized with the Yoast SEO plugin v26.0 - https:\/\/yoast.com\/wordpress\/plugins\/seo\/ -->\n<title>Bio - LIZARD<\/title>\n<meta name=\"robots\" content=\"index, follow, max-snippet:-1, max-image-preview:large, max-video-preview:-1\" \/>\n<link rel=\"canonical\" href=\"https:\/\/www.lizardcastellon.com\/?page_id=2\" \/>\n<meta property=\"og:locale\" content=\"es_ES\" \/>\n<meta property=\"og:type\" content=\"article\" \/>\n<meta property=\"og:title\" content=\"Bio - LIZARD\" \/>\n<meta property=\"og:description\" content=\"Historia de LIZARD \ud83e\udd8e LIZARD naci\u00f3 en 2016 con la ilusi\u00f3n de subirnos a un escenario. De aquellos ensayos en locales peque\u00f1os y conciertos en bares guardamos recuerdos que a\u00fan nos acompa\u00f1an. Hoy seguimos con la misma pasi\u00f3n por las versiones, d\u00e1ndoles nuestro toque propio y actual. MIEMBROS FUNDADORES: Gloria (Vocalista) \/ Fran (Guitarrista) \/ [&hellip;]\" \/>\n<meta property=\"og:url\" content=\"https:\/\/www.lizardcastellon.com\/?page_id=2\" \/>\n<meta property=\"og:site_name\" content=\"LIZARD\" \/>\n<meta property=\"article:publisher\" content=\"https:\/\/www.facebook.com\/lizardcastellon\" \/>\n<meta property=\"article:modified_time\" content=\"2025-09-26T07:13:44+00:00\" \/>\n<meta property=\"og:image\" content=\"https:\/\/www.lizardcastellon.com\/wp-content\/uploads\/2025\/08\/bg-404.jpg\" \/>\n\t<meta property=\"og:image:width\" content=\"1920\" \/>\n\t<meta property=\"og:image:height\" content=\"945\" \/>\n\t<meta property=\"og:image:type\" content=\"image\/jpeg\" \/>\n<meta name=\"twitter:card\" content=\"summary_large_image\" \/>\n<meta name=\"twitter:label1\" content=\"Tiempo de lectura\" \/>\n\t<meta name=\"twitter:data1\" content=\"2 minutos\" \/>\n<script type=\"application\/ld+json\" class=\"yoast-schema-graph\">{\"@context\":\"https:\/\/schema.org\",\"@graph\":[{\"@type\":\"WebPage\",\"@id\":\"https:\/\/www.lizardcastellon.com\/?page_id=2\",\"url\":\"https:\/\/www.lizardcastellon.com\/?page_id=2\",\"name\":\"Bio - LIZARD\",\"isPartOf\":{\"@id\":\"https:\/\/www.lizardcastellon.com\/#website\"},\"primaryImageOfPage\":{\"@id\":\"https:\/\/www.lizardcastellon.com\/?page_id=2#primaryimage\"},\"image\":{\"@id\":\"https:\/\/www.lizardcastellon.com\/?page_id=2#primaryimage\"},\"thumbnailUrl\":\"https:\/\/www.lizardcastellon.com\/wp-content\/uploads\/2025\/08\/bg-404-1024x504.jpg\",\"datePublished\":\"2025-08-28T16:01:42+00:00\",\"dateModified\":\"2025-09-26T07:13:44+00:00\",\"breadcrumb\":{\"@id\":\"https:\/\/www.lizardcastellon.com\/?page_id=2#breadcrumb\"},\"inLanguage\":\"es\",\"potentialAction\":[{\"@type\":\"ReadAction\",\"target\":[\"https:\/\/www.lizardcastellon.com\/?page_id=2\"]}]},{\"@type\":\"ImageObject\",\"inLanguage\":\"es\",\"@id\":\"https:\/\/www.lizardcastellon.com\/?page_id=2#primaryimage\",\"url\":\"https:\/\/www.lizardcastellon.com\/wp-content\/uploads\/2025\/08\/bg-404.jpg\",\"contentUrl\":\"https:\/\/www.lizardcastellon.com\/wp-content\/uploads\/2025\/08\/bg-404.jpg\",\"width\":1920,\"height\":945},{\"@type\":\"BreadcrumbList\",\"@id\":\"https:\/\/www.lizardcastellon.com\/?page_id=2#breadcrumb\",\"itemListElement\":[{\"@type\":\"ListItem\",\"position\":1,\"name\":\"Portada\",\"item\":\"https:\/\/www.lizardcastellon.com\/\"},{\"@type\":\"ListItem\",\"position\":2,\"name\":\"Bio\"}]},{\"@type\":\"WebSite\",\"@id\":\"https:\/\/www.lizardcastellon.com\/#website\",\"url\":\"https:\/\/www.lizardcastellon.com\/\",\"name\":\"LIZARD\",\"description\":\"Descubre toda la informaci\u00f3n sobre esta banda de rock en Castell\u00f3n de la Plana\",\"publisher\":{\"@id\":\"https:\/\/www.lizardcastellon.com\/#organization\"},\"potentialAction\":[{\"@type\":\"SearchAction\",\"target\":{\"@type\":\"EntryPoint\",\"urlTemplate\":\"https:\/\/www.lizardcastellon.com\/?s={search_term_string}\"},\"query-input\":{\"@type\":\"PropertyValueSpecification\",\"valueRequired\":true,\"valueName\":\"search_term_string\"}}],\"inLanguage\":\"es\"},{\"@type\":\"Organization\",\"@id\":\"https:\/\/www.lizardcastellon.com\/#organization\",\"name\":\"LIZARD\",\"url\":\"https:\/\/www.lizardcastellon.com\/\",\"logo\":{\"@type\":\"ImageObject\",\"inLanguage\":\"es\",\"@id\":\"https:\/\/www.lizardcastellon.com\/#\/schema\/logo\/image\/\",\"url\":\"https:\/\/www.lizardcastellon.com\/wp-content\/uploads\/2025\/09\/cropped-Lizard_logo_reduc2.jpeg\",\"contentUrl\":\"https:\/\/www.lizardcastellon.com\/wp-content\/uploads\/2025\/09\/cropped-Lizard_logo_reduc2.jpeg\",\"width\":512,\"height\":512,\"caption\":\"LIZARD\"},\"image\":{\"@id\":\"https:\/\/www.lizardcastellon.com\/#\/schema\/logo\/image\/\"},\"sameAs\":[\"https:\/\/www.facebook.com\/lizardcastellon\",\"https:\/\/www.instagram.com\/lizardcastellon\/\"]}]}<\/script>\n<!-- \/ Yoast SEO plugin. -->","yoast_head_json":{"title":"Bio - LIZARD","robots":{"index":"index","follow":"follow","max-snippet":"max-snippet:-1","max-image-preview":"max-image-preview:large","max-video-preview":"max-video-preview:-1"},"canonical":"https:\/\/www.lizardcastellon.com\/?page_id=2","og_locale":"es_ES","og_type":"article","og_title":"Bio - LIZARD","og_description":"Historia de LIZARD \ud83e\udd8e LIZARD naci\u00f3 en 2016 con la ilusi\u00f3n de subirnos a un escenario. De aquellos ensayos en locales peque\u00f1os y conciertos en bares guardamos recuerdos que a\u00fan nos acompa\u00f1an. Hoy seguimos con la misma pasi\u00f3n por las versiones, d\u00e1ndoles nuestro toque propio y actual. MIEMBROS FUNDADORES: Gloria (Vocalista) \/ Fran (Guitarrista) \/ [&hellip;]","og_url":"https:\/\/www.lizardcastellon.com\/?page_id=2","og_site_name":"LIZARD","article_publisher":"https:\/\/www.facebook.com\/lizardcastellon","article_modified_time":"2025-09-26T07:13:44+00:00","og_image":[{"width":1920,"height":945,"url":"https:\/\/www.lizardcastellon.com\/wp-content\/uploads\/2025\/08\/bg-404.jpg","type":"image\/jpeg"}],"twitter_card":"summary_large_image","twitter_misc":{"Tiempo de lectura":"2 minutos"},"schema":{"@context":"https:\/\/schema.org","@graph":[{"@type":"WebPage","@id":"https:\/\/www.lizardcastellon.com\/?page_id=2","url":"https:\/\/www.lizardcastellon.com\/?page_id=2","name":"Bio - LIZARD","isPartOf":{"@id":"https:\/\/www.lizardcastellon.com\/#website"},"primaryImageOfPage":{"@id":"https:\/\/www.lizardcastellon.com\/?page_id=2#primaryimage"},"image":{"@id":"https:\/\/www.lizardcastellon.com\/?page_id=2#primaryimage"},"thumbnailUrl":"https:\/\/www.lizardcastellon.com\/wp-content\/uploads\/2025\/08\/bg-404-1024x504.jpg","datePublished":"2025-08-28T16:01:42+00:00","dateModified":"2025-09-26T07:13:44+00:00","breadcrumb":{"@id":"https:\/\/www.lizardcastellon.com\/?page_id=2#breadcrumb"},"inLanguage":"es","potentialAction":[{"@type":"ReadAction","target":["https:\/\/www.lizardcastellon.com\/?page_id=2"]}]},{"@type":"ImageObject","inLanguage":"es","@id":"https:\/\/www.lizardcastellon.com\/?page_id=2#primaryimage","url":"https:\/\/www.lizardcastellon.com\/wp-content\/uploads\/2025\/08\/bg-404.jpg","contentUrl":"https:\/\/www.lizardcastellon.com\/wp-content\/uploads\/2025\/08\/bg-404.jpg","width":1920,"height":945},{"@type":"BreadcrumbList","@id":"https:\/\/www.lizardcastellon.com\/?page_id=2#breadcrumb","itemListElement":[{"@type":"ListItem","position":1,"name":"Portada","item":"https:\/\/www.lizardcastellon.com\/"},{"@type":"ListItem","position":2,"name":"Bio"}]},{"@type":"WebSite","@id":"https:\/\/www.lizardcastellon.com\/#website","url":"https:\/\/www.lizardcastellon.com\/","name":"LIZARD","description":"Descubre toda la informaci\u00f3n sobre esta banda de rock en Castell\u00f3n de la Plana","publisher":{"@id":"https:\/\/www.lizardcastellon.com\/#organization"},"potentialAction":[{"@type":"SearchAction","target":{"@type":"EntryPoint","urlTemplate":"https:\/\/www.lizardcastellon.com\/?s={search_term_string}"},"query-input":{"@type":"PropertyValueSpecification","valueRequired":true,"valueName":"search_term_string"}}],"inLanguage":"es"},{"@type":"Organization","@id":"https:\/\/www.lizardcastellon.com\/#organization","name":"LIZARD","url":"https:\/\/www.lizardcastellon.com\/","logo":{"@type":"ImageObject","inLanguage":"es","@id":"https:\/\/www.lizardcastellon.com\/#\/schema\/logo\/image\/","url":"https:\/\/www.lizardcastellon.com\/wp-content\/uploads\/2025\/09\/cropped-Lizard_logo_reduc2.jpeg","contentUrl":"https:\/\/www.lizardcastellon.com\/wp-content\/uploads\/2025\/09\/cropped-Lizard_logo_reduc2.jpeg","width":512,"height":512,"caption":"LIZARD"},"image":{"@id":"https:\/\/www.lizardcastellon.com\/#\/schema\/logo\/image\/"},"sameAs":["https:\/\/www.facebook.com\/lizardcastellon","https:\/\/www.instagram.com\/lizardcastellon\/"]}]}},"_links":{"self":[{"href":"https:\/\/www.lizardcastellon.com\/index.php?rest_route=\/wp\/v2\/pages\/2","targetHints":{"allow":["GET"]}}],"collection":[{"href":"https:\/\/www.lizardcastellon.com\/index.php?rest_route=\/wp\/v2\/pages"}],"about":[{"href":"https:\/\/www.lizardcastellon.com\/index.php?rest_route=\/wp\/v2\/types\/page"}],"author":[{"embeddable":true,"href":"https:\/\/www.lizardcastellon.com\/index.php?rest_route=\/wp\/v2\/users\/1"}],"replies":[{"embeddable":true,"href":"https:\/\/www.lizardcastellon.com\/index.php?rest_route=%2Fwp%2Fv2%2Fcomments&post=2"}],"version-history":[{"count":75,"href":"https:\/\/www.lizardcastellon.com\/index.php?rest_route=\/wp\/v2\/pages\/2\/revisions"}],"predecessor-version":[{"id":265,"href":"https:\/\/www.lizardcastellon.com\/index.php?rest_route=\/wp\/v2\/pages\/2\/revisions\/265"}],"wp:attachment":[{"href":"https:\/\/www.lizardcastellon.com\/index.php?rest_route=%2Fwp%2Fv2%2Fmedia&parent=2"}],"curies":[{"name":"wp","href":"https:\/\/api.w.org\/{rel}","templated":true}]}}